{"id":1235,"date":"2024-05-01T14:08:08","date_gmt":"2024-05-01T17:08:08","guid":{"rendered":"https:\/\/cervejariarusticana.com.br\/?page_id=1235"},"modified":"2024-05-09T13:00:07","modified_gmt":"2024-05-09T16:00:07","slug":"sobre-nos","status":"publish","type":"page","link":"https:\/\/cervejariarusticana.com.br\/?page_id=1235","title":{"rendered":"Sobre N\u00f3s"},"content":{"rendered":"\t\t<div data-elementor-type=\"wp-page\" data-elementor-id=\"1235\" class=\"elementor elementor-1235\">\n\t\t\t\t\t\t<section class=\"elementor-section elementor-top-section elementor-element elementor-element-197a5da elementor-section-full_width elementor-section-height-min-height elementor-section-height-default elementor-section-items-middle wpr-particle-no wpr-jarallax-no wpr-parallax-no wpr-sticky-section-no\" data-id=\"197a5da\" data-element_type=\"section\" data-settings=\"{&quot;background_background&quot;:&quot;classic&quot;}\">\n\t\t\t\t\t\t\t<div class=\"elementor-background-overlay\"><\/div>\n\t\t\t\t\t\t\t<div class=\"elementor-container elementor-column-gap-default\">\n\t\t\t\t\t<div class=\"elementor-column elementor-col-100 elementor-top-column elementor-element elementor-element-4d52cab\" data-id=\"4d52cab\" data-element_type=\"column\">\n\t\t\t<div class=\"elementor-widget-wrap elementor-element-populated\">\n\t\t\t\t\t\t<div class=\"elementor-element elementor-element-560c228 elementor-widget elementor-widget-heading\" data-id=\"560c228\" data-element_type=\"widget\" data-widget_type=\"heading.default\">\n\t\t\t\t<div class=\"elementor-widget-container\">\n\t\t\t\t\t<h2 class=\"elementor-heading-title elementor-size-default\">Cervejas artesanais de qualidade, que refletem nossa paix\u00e3o pela tradi\u00e7\u00e3o cervejeira <\/h2>\t\t\t\t<\/div>\n\t\t\t\t<\/div>\n\t\t\t\t\t<\/div>\n\t\t<\/div>\n\t\t\t\t\t<\/div>\n\t\t<\/section>\n\t\t\t\t<section class=\"elementor-section elementor-top-section elementor-element elementor-element-ba34d98 elementor-section-full_width elementor-section-height-default elementor-section-height-default wpr-particle-no wpr-jarallax-no wpr-parallax-no wpr-sticky-section-no\" data-id=\"ba34d98\" data-element_type=\"section\">\n\t\t\t\t\t\t<div class=\"elementor-container elementor-column-gap-default\">\n\t\t\t\t\t<div class=\"elementor-column elementor-col-50 elementor-top-column elementor-element elementor-element-66df4cc\" data-id=\"66df4cc\" data-element_type=\"column\">\n\t\t\t<div class=\"elementor-widget-wrap elementor-element-populated\">\n\t\t\t\t\t\t<div class=\"elementor-element elementor-element-77358de elementor-widget elementor-widget-heading\" data-id=\"77358de\" data-element_type=\"widget\" data-widget_type=\"heading.default\">\n\t\t\t\t<div class=\"elementor-widget-container\">\n\t\t\t\t\t<h2 class=\"elementor-heading-title elementor-size-default\">Sobre n\u00f3s<\/h2>\t\t\t\t<\/div>\n\t\t\t\t<\/div>\n\t\t\t\t<div class=\"elementor-element elementor-element-403c83e elementor-widget elementor-widget-text-editor\" data-id=\"403c83e\" data-element_type=\"widget\" data-widget_type=\"text-editor.default\">\n\t\t\t\t<div class=\"elementor-widget-container\">\n\t\t\t\t\t\t\t\t\t<p>A Cervejaria Rusticana, localizada em Nazar\u00e9 Paulista e capitaneada por Tuca Paiva, baixista da banda Velhas Virgens nas horas vagas, \u00e9 um verdadeiro ref\u00fagio para os amantes da boa cerveja. Nossa paix\u00e3o pelo mundo cervejeiro se reflete em cada garrafa que produzimos, onde celebramos a tradi\u00e7\u00e3o e a inova\u00e7\u00e3o. Inspirados pelos elementos rurais, como o Alaz\u00e3o, Carneirinho, Boi da Cara Preta e Mandrov\u00e1, nossas cervejas artesanais s\u00e3o cuidadosamente elaboradas para proporcionar experi\u00eancias sensoriais \u00fanicas, unindo qualidade, autenticidade e respeito pelo meio ambiente. Na Cervejaria Rusticana, cada gole \u00e9 uma viagem \u00e0 beleza rural e ao sabor genu\u00edno da vida no campo<\/p>\t\t\t\t\t\t\t\t<\/div>\n\t\t\t\t<\/div>\n\t\t\t\t\t<\/div>\n\t\t<\/div>\n\t\t\t\t<div class=\"elementor-column elementor-col-50 elementor-top-column elementor-element elementor-element-a7ed598 animated-fast\" data-id=\"a7ed598\" data-element_type=\"column\" data-settings=\"{&quot;animation&quot;:&quot;none&quot;}\">\n\t\t\t<div class=\"elementor-widget-wrap elementor-element-populated\">\n\t\t\t\t\t\t<div class=\"elementor-element elementor-element-9307146 animated-slow elementor-invisible elementor-widget elementor-widget-image\" data-id=\"9307146\" data-element_type=\"widget\" data-settings=\"{&quot;_animation&quot;:&quot;fadeIn&quot;}\" data-widget_type=\"image.default\">\n\t\t\t\t<div class=\"elementor-widget-container\">\n\t\t\t\t\t\t\t\t\t\t\t\t\t\t\t<img fetchpriority=\"high\" decoding=\"async\" width=\"1180\" height=\"1350\" src=\"https:\/\/cervejariarusticana.com.br\/wp-content\/uploads\/2024\/05\/Design-sem-nome-3.jpg\" class=\"attachment-full size-full wp-image-1351\" alt=\"cerveja-rusticana-bar-aoutdoor\" \/>\t\t\t\t\t\t\t\t\t\t\t\t\t\t\t<\/div>\n\t\t\t\t<\/div>\n\t\t\t\t\t<\/div>\n\t\t<\/div>\n\t\t\t\t\t<\/div>\n\t\t<\/section>\n\t\t\t\t<section class=\"elementor-section elementor-top-section elementor-element elementor-element-29b90fb elementor-section-boxed elementor-section-height-default elementor-section-height-default wpr-particle-no wpr-jarallax-no wpr-parallax-no wpr-sticky-section-no\" data-id=\"29b90fb\" data-element_type=\"section\">\n\t\t\t\t\t\t<div class=\"elementor-container elementor-column-gap-default\">\n\t\t\t\t\t<div class=\"elementor-column elementor-col-100 elementor-top-column elementor-element elementor-element-bc93f8f\" data-id=\"bc93f8f\" data-element_type=\"column\">\n\t\t\t<div class=\"elementor-widget-wrap\">\n\t\t\t\t\t\t\t<\/div>\n\t\t<\/div>\n\t\t\t\t\t<\/div>\n\t\t<\/section>\n\t\t\t\t<section class=\"elementor-section elementor-top-section elementor-element elementor-element-afa92e5 elementor-section-boxed elementor-section-height-default elementor-section-height-default wpr-particle-no wpr-jarallax-no wpr-parallax-no wpr-sticky-section-no\" data-id=\"afa92e5\" data-element_type=\"section\">\n\t\t\t\t\t\t<div class=\"elementor-container elementor-column-gap-wide\">\n\t\t\t\t\t<div class=\"elementor-column elementor-col-50 elementor-top-column elementor-element elementor-element-6e16855 animated-slow elementor-invisible\" data-id=\"6e16855\" data-element_type=\"column\" data-settings=\"{&quot;animation&quot;:&quot;fadeIn&quot;}\">\n\t\t\t<div class=\"elementor-widget-wrap elementor-element-populated\">\n\t\t\t\t\t\t<div class=\"elementor-element elementor-element-39fb1bf elementor-widget elementor-widget-image\" data-id=\"39fb1bf\" data-element_type=\"widget\" data-widget_type=\"image.default\">\n\t\t\t\t<div class=\"elementor-widget-container\">\n\t\t\t\t\t\t\t\t\t\t\t\t\t\t\t<img decoding=\"async\" width=\"1180\" height=\"1350\" src=\"https:\/\/cervejariarusticana.com.br\/wp-content\/uploads\/2024\/05\/Design-sem-nome-2-1.jpg\" class=\"attachment-full size-full wp-image-1342\" alt=\"mosaico-rusticana-cerveja\" \/>\t\t\t\t\t\t\t\t\t\t\t\t\t\t\t<\/div>\n\t\t\t\t<\/div>\n\t\t\t\t\t<\/div>\n\t\t<\/div>\n\t\t\t\t<div class=\"elementor-column elementor-col-50 elementor-top-column elementor-element elementor-element-0e136ab\" data-id=\"0e136ab\" data-element_type=\"column\">\n\t\t\t<div class=\"elementor-widget-wrap elementor-element-populated\">\n\t\t\t\t\t\t<div class=\"elementor-element elementor-element-b167650 elementor-invisible elementor-widget elementor-widget-heading\" data-id=\"b167650\" data-element_type=\"widget\" data-settings=\"{&quot;_animation&quot;:&quot;slideInRight&quot;}\" data-widget_type=\"heading.default\">\n\t\t\t\t<div class=\"elementor-widget-container\">\n\t\t\t\t\t<h2 class=\"elementor-heading-title elementor-size-default\">nossa Qualidade<\/h2>\t\t\t\t<\/div>\n\t\t\t\t<\/div>\n\t\t\t\t<div class=\"elementor-element elementor-element-c53fe6f animated-slow elementor-invisible elementor-widget elementor-widget-heading\" data-id=\"c53fe6f\" data-element_type=\"widget\" data-settings=\"{&quot;_animation&quot;:&quot;slideInRight&quot;,&quot;_animation_delay&quot;:100}\" data-widget_type=\"heading.default\">\n\t\t\t\t<div class=\"elementor-widget-container\">\n\t\t\t\t\t<h2 class=\"elementor-heading-title elementor-size-default\">O Padr\u00e3o de Excel\u00eancia da Cerveja Rusticana<\/h2>\t\t\t\t<\/div>\n\t\t\t\t<\/div>\n\t\t\t\t<div class=\"elementor-element elementor-element-c8fc857 elementor-widget elementor-widget-text-editor\" data-id=\"c8fc857\" data-element_type=\"widget\" data-widget_type=\"text-editor.default\">\n\t\t\t\t<div class=\"elementor-widget-container\">\n\t\t\t\t\t\t\t\t\t<p>A cerveja artesanal Rusticana \u00e9 sin\u00f4nimo de qualidade, resultado de um processo meticuloso desde a sele\u00e7\u00e3o dos ingredientes at\u00e9 o envase. Com foco em ingredientes frescos e locais, cada cerveja reflete a criatividade e paix\u00e3o dos cervejeiros, oferecendo uma ampla variedade de sabores aut\u00eanticos. O controle rigoroso garante frescor e equil\u00edbrio em cada gole, proporcionando uma experi\u00eancia sensorial \u00fanica e satisfat\u00f3ria para os apreciadores de cerveja.<\/p>\t\t\t\t\t\t\t\t<\/div>\n\t\t\t\t<\/div>\n\t\t\t\t\t<\/div>\n\t\t<\/div>\n\t\t\t\t\t<\/div>\n\t\t<\/section>\n\t\t\t\t<\/div>\n\t\t","protected":false},"excerpt":{"rendered":"<p>Cervejas artesanais de qualidade, que refletem nossa paix\u00e3o pela tradi\u00e7\u00e3o cervejeira Sobre n\u00f3s A Cervejaria Rusticana, localizada em Nazar\u00e9 Paulista e capitaneada por Tuca Paiva, baixista da banda Velhas Virgens nas horas vagas, \u00e9 um verdadeiro ref\u00fagio para os amantes da boa cerveja. Nossa paix\u00e3o pelo mundo cervejeiro se reflete em cada garrafa que produzimos, [&hellip;]<\/p>\n","protected":false},"author":1,"featured_media":0,"parent":0,"menu_order":0,"comment_status":"closed","ping_status":"closed","template":"elementor_canvas","meta":{"footnotes":""},"class_list":["post-1235","page","type-page","status-publish","hentry"],"_links":{"self":[{"href":"https:\/\/cervejariarusticana.com.br\/index.php?rest_route=\/wp\/v2\/pages\/1235","targetHints":{"allow":["GET"]}}],"collection":[{"href":"https:\/\/cervejariarusticana.com.br\/index.php?rest_route=\/wp\/v2\/pages"}],"about":[{"href":"https:\/\/cervejariarusticana.com.br\/index.php?rest_route=\/wp\/v2\/types\/page"}],"author":[{"embeddable":true,"href":"https:\/\/cervejariarusticana.com.br\/index.php?rest_route=\/wp\/v2\/users\/1"}],"replies":[{"embeddable":true,"href":"https:\/\/cervejariarusticana.com.br\/index.php?rest_route=%2Fwp%2Fv2%2Fcomments&post=1235"}],"version-history":[{"count":166,"href":"https:\/\/cervejariarusticana.com.br\/index.php?rest_route=\/wp\/v2\/pages\/1235\/revisions"}],"predecessor-version":[{"id":1433,"href":"https:\/\/cervejariarusticana.com.br\/index.php?rest_route=\/wp\/v2\/pages\/1235\/revisions\/1433"}],"wp:attachment":[{"href":"https:\/\/cervejariarusticana.com.br\/index.php?rest_route=%2Fwp%2Fv2%2Fmedia&parent=1235"}],"curies":[{"name":"wp","href":"https:\/\/api.w.org\/{rel}","templated":true}]}}