{"id":951,"date":"2024-04-21T12:08:11","date_gmt":"2024-04-21T15:08:11","guid":{"rendered":"https:\/\/cervejariarusticana.com.br\/?page_id=951"},"modified":"2024-05-09T14:44:06","modified_gmt":"2024-05-09T17:44:06","slug":"home-landing-page-ebook-v1-2","status":"publish","type":"page","link":"https:\/\/cervejariarusticana.com.br\/?page_id=951","title":{"rendered":"Produtos"},"content":{"rendered":"\t\t<div data-elementor-type=\"wp-page\" data-elementor-id=\"951\" class=\"elementor elementor-951\">\n\t\t\t\t\t\t<section class=\"elementor-section elementor-top-section elementor-element elementor-element-9f49c58 elementor-section-full_width elementor-section-height-min-height elementor-section-height-default elementor-section-items-middle wpr-particle-no wpr-jarallax-no wpr-parallax-no wpr-sticky-section-no\" data-id=\"9f49c58\" data-element_type=\"section\" data-settings=\"{&quot;background_background&quot;:&quot;video&quot;,&quot;background_video_link&quot;:&quot;https:\\\/\\\/cervejariarusticana.com.br\\\/wp-content\\\/uploads\\\/2024\\\/04\\\/banner-cervejaria-rusticana-artesanal-1.mp4&quot;,&quot;background_play_on_mobile&quot;:&quot;yes&quot;}\">\n\t\t\t\t\t\t\t\t<div class=\"elementor-background-video-container\">\n\t\t\t\t\t\t\t\t\t\t\t\t\t<video class=\"elementor-background-video-hosted\" autoplay muted playsinline loop><\/video>\n\t\t\t\t\t\t\t\t\t\t\t<\/div>\n\t\t\t\t\t\t\t\t<div class=\"elementor-container elementor-column-gap-default\">\n\t\t\t\t\t<div class=\"elementor-column elementor-col-100 elementor-top-column elementor-element elementor-element-a3cff12\" data-id=\"a3cff12\" data-element_type=\"column\">\n\t\t\t<div class=\"elementor-widget-wrap\">\n\t\t\t\t\t\t\t<\/div>\n\t\t<\/div>\n\t\t\t\t\t<\/div>\n\t\t<\/section>\n\t\t\t\t<section class=\"elementor-section elementor-top-section elementor-element elementor-element-aceed2f elementor-section-boxed elementor-section-height-default elementor-section-height-default wpr-particle-no wpr-jarallax-no wpr-parallax-no wpr-sticky-section-no\" data-id=\"aceed2f\" data-element_type=\"section\" data-settings=\"{&quot;background_background&quot;:&quot;classic&quot;}\">\n\t\t\t\t\t\t<div class=\"elementor-container elementor-column-gap-default\">\n\t\t\t\t\t<div class=\"elementor-column elementor-col-33 elementor-top-column elementor-element elementor-element-fa2b90b\" data-id=\"fa2b90b\" data-element_type=\"column\">\n\t\t\t<div class=\"elementor-widget-wrap elementor-element-populated\">\n\t\t\t\t\t\t\t<\/div>\n\t\t<\/div>\n\t\t\t\t<div class=\"elementor-column elementor-col-33 elementor-top-column elementor-element elementor-element-7e77ade\" data-id=\"7e77ade\" data-element_type=\"column\">\n\t\t\t<div class=\"elementor-widget-wrap elementor-element-populated\">\n\t\t\t\t\t\t<div class=\"elementor-element elementor-element-5fa6ba3 elementor-widget elementor-widget-heading\" data-id=\"5fa6ba3\" data-element_type=\"widget\" data-widget_type=\"heading.default\">\n\t\t\t\t<div class=\"elementor-widget-container\">\n\t\t\t\t\t<h2 class=\"elementor-heading-title elementor-size-default\">Experimente Nossos Produtos Premiados<\/h2>\t\t\t\t<\/div>\n\t\t\t\t<\/div>\n\t\t\t\t\t<\/div>\n\t\t<\/div>\n\t\t\t\t<div class=\"elementor-column elementor-col-33 elementor-top-column elementor-element elementor-element-ee36bf6\" data-id=\"ee36bf6\" data-element_type=\"column\">\n\t\t\t<div class=\"elementor-widget-wrap elementor-element-populated\">\n\t\t\t\t\t\t\t<\/div>\n\t\t<\/div>\n\t\t\t\t\t<\/div>\n\t\t<\/section>\n\t\t\t\t<section class=\"elementor-section elementor-top-section elementor-element elementor-element-d3396e6 elementor-section-boxed elementor-section-height-default elementor-section-height-default wpr-particle-no wpr-jarallax-no wpr-parallax-no wpr-sticky-section-no\" data-id=\"d3396e6\" data-element_type=\"section\">\n\t\t\t\t\t\t<div class=\"elementor-container elementor-column-gap-default\">\n\t\t\t\t\t<div class=\"elementor-column elementor-col-50 elementor-top-column elementor-element elementor-element-458895c animated-slow elementor-invisible\" data-id=\"458895c\" data-element_type=\"column\" data-settings=\"{&quot;background_background&quot;:&quot;classic&quot;,&quot;animation&quot;:&quot;slideInLeft&quot;}\">\n\t\t\t<div class=\"elementor-widget-wrap elementor-element-populated\">\n\t\t\t\t\t\t<div class=\"elementor-element elementor-element-b70c6f6 elementor-widget elementor-widget-heading\" data-id=\"b70c6f6\" data-element_type=\"widget\" data-widget_type=\"heading.default\">\n\t\t\t\t<div class=\"elementor-widget-container\">\n\t\t\t\t\t<h2 class=\"elementor-heading-title elementor-size-default\">\u2981\tCERVEJA ALAZ\u00c3O (Vienna Lager)<\/h2>\t\t\t\t<\/div>\n\t\t\t\t<\/div>\n\t\t\t\t<div class=\"elementor-element elementor-element-f97576f elementor-widget elementor-widget-text-editor\" data-id=\"f97576f\" data-element_type=\"widget\" data-widget_type=\"text-editor.default\">\n\t\t\t\t<div class=\"elementor-widget-container\">\n\t\t\t\t\t\t\t\t\t<p>Celebre os momentos da vida com nossa cerveja leve, de colora\u00e7\u00e3o dourada reluzente. Seu sabor suave de malte, combinado com uma lupulagem harmoniosa, proporciona uma refresc\u00e2ncia irresist\u00edvel a cada gole. A espuma branca e cremosa coroa a bebida, conferindo-lhe um acabamento elegante. Com uma gradua\u00e7\u00e3o alco\u00f3lica de 4,0%, ela \u00e9 a companhia perfeita para todos os momentos, seja em festas animadas ou em momentos de descontra\u00e7\u00e3o e contempla\u00e7\u00e3o. Desperte seu paladar e brinde \u00e0 vida com nossa cerveja, feita para encantar e refrescar os seus sentidos<\/p>\t\t\t\t\t\t\t\t<\/div>\n\t\t\t\t<\/div>\n\t\t\t\t\t<\/div>\n\t\t<\/div>\n\t\t\t\t<div class=\"elementor-column elementor-col-50 elementor-top-column elementor-element elementor-element-f591df0 animated-slow elementor-invisible\" data-id=\"f591df0\" data-element_type=\"column\" data-settings=\"{&quot;background_background&quot;:&quot;classic&quot;,&quot;animation&quot;:&quot;slideInLeft&quot;}\">\n\t\t\t<div class=\"elementor-widget-wrap elementor-element-populated\">\n\t\t\t\t\t\t<div class=\"elementor-element elementor-element-54772c2 animated-slow elementor-invisible elementor-widget elementor-widget-image\" data-id=\"54772c2\" data-element_type=\"widget\" data-settings=\"{&quot;_animation&quot;:&quot;bounceInRight&quot;}\" data-widget_type=\"image.default\">\n\t\t\t\t<div class=\"elementor-widget-container\">\n\t\t\t\t\t\t\t\t\t\t\t\t\t\t\t<img fetchpriority=\"high\" decoding=\"async\" width=\"600\" height=\"783\" src=\"https:\/\/cervejariarusticana.com.br\/wp-content\/uploads\/2024\/04\/alazao_.png\" class=\"attachment-full size-full wp-image-1041\" alt=\"\" \/>\t\t\t\t\t\t\t\t\t\t\t\t\t\t\t<\/div>\n\t\t\t\t<\/div>\n\t\t\t\t\t<\/div>\n\t\t<\/div>\n\t\t\t\t\t<\/div>\n\t\t<\/section>\n\t\t\t\t<section class=\"elementor-section elementor-top-section elementor-element elementor-element-7650512 elementor-section-boxed elementor-section-height-default elementor-section-height-default wpr-particle-no wpr-jarallax-no wpr-parallax-no wpr-sticky-section-no\" data-id=\"7650512\" data-element_type=\"section\" data-settings=\"{&quot;background_background&quot;:&quot;classic&quot;}\">\n\t\t\t\t\t\t<div class=\"elementor-container elementor-column-gap-default\">\n\t\t\t\t\t<div class=\"elementor-column elementor-col-50 elementor-top-column elementor-element elementor-element-8dfae13 animated-slow elementor-invisible\" data-id=\"8dfae13\" data-element_type=\"column\" data-settings=\"{&quot;background_background&quot;:&quot;classic&quot;,&quot;animation&quot;:&quot;slideInLeft&quot;}\">\n\t\t\t<div class=\"elementor-widget-wrap elementor-element-populated\">\n\t\t\t\t\t\t<div class=\"elementor-element elementor-element-7ad3e13 animated-slow elementor-invisible elementor-widget elementor-widget-image\" data-id=\"7ad3e13\" data-element_type=\"widget\" data-settings=\"{&quot;_animation&quot;:&quot;bounceInLeft&quot;}\" data-widget_type=\"image.default\">\n\t\t\t\t<div class=\"elementor-widget-container\">\n\t\t\t\t\t\t\t\t\t\t\t\t\t\t\t<img decoding=\"async\" width=\"600\" height=\"783\" src=\"https:\/\/cervejariarusticana.com.br\/wp-content\/uploads\/2024\/04\/mandrova_-1.png\" class=\"attachment-full size-full wp-image-1094\" alt=\"cerveja-mandrov\u00e1-rusticana\" \/>\t\t\t\t\t\t\t\t\t\t\t\t\t\t\t<\/div>\n\t\t\t\t<\/div>\n\t\t\t\t\t<\/div>\n\t\t<\/div>\n\t\t\t\t<div class=\"elementor-column elementor-col-50 elementor-top-column elementor-element elementor-element-470f254 animated-slow elementor-invisible\" data-id=\"470f254\" data-element_type=\"column\" data-settings=\"{&quot;background_background&quot;:&quot;classic&quot;,&quot;animation&quot;:&quot;slideInLeft&quot;}\">\n\t\t\t<div class=\"elementor-widget-wrap elementor-element-populated\">\n\t\t\t\t\t\t<div class=\"elementor-element elementor-element-78c8b1c elementor-widget elementor-widget-heading\" data-id=\"78c8b1c\" data-element_type=\"widget\" data-widget_type=\"heading.default\">\n\t\t\t\t<div class=\"elementor-widget-container\">\n\t\t\t\t\t<h2 class=\"elementor-heading-title elementor-size-default\">\u2981\tCERVEJA MANDROV\u00c1 (IPA)<\/h2>\t\t\t\t<\/div>\n\t\t\t\t<\/div>\n\t\t\t\t<div class=\"elementor-element elementor-element-6f5a84a elementor-widget elementor-widget-text-editor\" data-id=\"6f5a84a\" data-element_type=\"widget\" data-widget_type=\"text-editor.default\">\n\t\t\t\t<div class=\"elementor-widget-container\">\n\t\t\t\t\t\t\t\t\t<p>Entre os estilos artesanais mais aclamados est\u00e1 a IPA (Indian Pale Ale), e atendendo aos desejos dos apreciadores, criamos uma que cativa a todos os paladares. Com uma base cl\u00e1ssica de maltes especiais e uma lupulagem moderna, gra\u00e7as ao estilo Dry Hopping, nossa IPA apresenta uma complexidade de sabores excepcionalmente equilibrada. Cada gole \u00e9 uma experi\u00eancia sensorial \u00fanica, um verdadeiro deleite para os paladares mais exigentes. Descubra uma nova dimens\u00e3o de sabor e mergulhe na magia da nossa IPA, feita com paix\u00e3o para encantar os seus sentidos<\/p>\t\t\t\t\t\t\t\t<\/div>\n\t\t\t\t<\/div>\n\t\t\t\t\t<\/div>\n\t\t<\/div>\n\t\t\t\t\t<\/div>\n\t\t<\/section>\n\t\t\t\t<section class=\"elementor-section elementor-top-section elementor-element elementor-element-b1777b3 elementor-section-boxed elementor-section-height-default elementor-section-height-default wpr-particle-no wpr-jarallax-no wpr-parallax-no wpr-sticky-section-no\" data-id=\"b1777b3\" data-element_type=\"section\">\n\t\t\t\t\t\t<div class=\"elementor-container elementor-column-gap-default\">\n\t\t\t\t\t<div class=\"elementor-column elementor-col-50 elementor-top-column elementor-element elementor-element-453b4df animated-slow elementor-invisible\" data-id=\"453b4df\" data-element_type=\"column\" data-settings=\"{&quot;background_background&quot;:&quot;classic&quot;,&quot;animation&quot;:&quot;slideInLeft&quot;}\">\n\t\t\t<div class=\"elementor-widget-wrap elementor-element-populated\">\n\t\t\t\t\t\t<div class=\"elementor-element elementor-element-3a195d9 elementor-widget elementor-widget-heading\" data-id=\"3a195d9\" data-element_type=\"widget\" data-widget_type=\"heading.default\">\n\t\t\t\t<div class=\"elementor-widget-container\">\n\t\t\t\t\t<h2 class=\"elementor-heading-title elementor-size-default\">\u2981\tCERVEJA CARA PRETA DARK LAGER)<\/h2>\t\t\t\t<\/div>\n\t\t\t\t<\/div>\n\t\t\t\t<div class=\"elementor-element elementor-element-68cde62 elementor-widget elementor-widget-text-editor\" data-id=\"68cde62\" data-element_type=\"widget\" data-widget_type=\"text-editor.default\">\n\t\t\t\t<div class=\"elementor-widget-container\">\n\t\t\t\t\t\t\t\t\t<div class=\"flex-1 overflow-hidden\"><div class=\"react-scroll-to-bottom--css-muxzs-79elbk h-full\"><div class=\"react-scroll-to-bottom--css-muxzs-1n7m0yu\"><div><div class=\"flex flex-col text-sm pb-9\"><div class=\"w-full text-token-text-primary\" dir=\"auto\" data-testid=\"conversation-turn-119\"><div class=\"px-4 py-2 justify-center text-base md:gap-6 m-auto\"><div class=\"flex flex-1 text-base mx-auto gap-3 juice:gap-4 juice:md:gap-6 md:px-5 lg:px-1 xl:px-5 md:max-w-3xl lg:max-w-[40rem] xl:max-w-[48rem]\"><div class=\"relative flex w-full min-w-0 flex-col agent-turn\"><div class=\"flex-col gap-1 md:gap-3\"><div class=\"flex flex-grow flex-col max-w-full\"><div class=\"min-h-[20px] text-message flex flex-col items-start gap-3 whitespace-pre-wrap break-words [.text-message+&amp;]:mt-5 overflow-x-auto\" dir=\"auto\" data-message-author-role=\"assistant\" data-message-id=\"4f743a36-3892-4824-a3db-3ac196cd4267\"><div class=\"markdown prose w-full break-words dark:prose-invert light\"><p>Desenvolvida meticulosamente para satisfazer os paladares mais exigentes, nossa Dark Lager \u00e9 uma verdadeira celebra\u00e7\u00e3o de sabores. Com uma colora\u00e7\u00e3o escura e profundamente convidativa, esta cerveja revela notas de malte torrado que proporcionam uma experi\u00eancia rica e envolvente. O toque especial de nibs de cacau adiciona uma camada extra de complexidade, resultando em um sabor achocolatado irresist\u00edvel. Refrescante e ao mesmo tempo complexa, \u00e9 a escolha perfeita para quem busca uma cerveja que vai al\u00e9m das expectativas. Desfrute de cada gole e descubra a verdadeira ess\u00eancia da nossa Dark Lager, uma verdadeira obra-prima cervejeira.<\/p><\/div><\/div><\/div><\/div><\/div><\/div><\/div><\/div><\/div><\/div><\/div><\/div><\/div>\t\t\t\t\t\t\t\t<\/div>\n\t\t\t\t<\/div>\n\t\t\t\t\t<\/div>\n\t\t<\/div>\n\t\t\t\t<div class=\"elementor-column elementor-col-50 elementor-top-column elementor-element elementor-element-69bc867 animated-slow elementor-invisible\" data-id=\"69bc867\" data-element_type=\"column\" data-settings=\"{&quot;background_background&quot;:&quot;classic&quot;,&quot;animation&quot;:&quot;slideInLeft&quot;}\">\n\t\t\t<div class=\"elementor-widget-wrap elementor-element-populated\">\n\t\t\t\t\t\t<div class=\"elementor-element elementor-element-d0d053a animated-slow elementor-invisible elementor-widget elementor-widget-image\" data-id=\"d0d053a\" data-element_type=\"widget\" data-settings=\"{&quot;_animation&quot;:&quot;bounceInRight&quot;}\" data-widget_type=\"image.default\">\n\t\t\t\t<div class=\"elementor-widget-container\">\n\t\t\t\t\t\t\t\t\t\t\t\t\t\t\t<img decoding=\"async\" width=\"600\" height=\"783\" src=\"https:\/\/cervejariarusticana.com.br\/wp-content\/uploads\/2024\/04\/Cara-preta_.png\" class=\"attachment-full size-full wp-image-1146\" alt=\"Cara-preta_cerveja_artesanal_rusticana\" \/>\t\t\t\t\t\t\t\t\t\t\t\t\t\t\t<\/div>\n\t\t\t\t<\/div>\n\t\t\t\t\t<\/div>\n\t\t<\/div>\n\t\t\t\t\t<\/div>\n\t\t<\/section>\n\t\t\t\t<section class=\"elementor-section elementor-top-section elementor-element elementor-element-a62caec elementor-section-boxed elementor-section-height-default elementor-section-height-default wpr-particle-no wpr-jarallax-no wpr-parallax-no wpr-sticky-section-no\" data-id=\"a62caec\" data-element_type=\"section\" data-settings=\"{&quot;background_background&quot;:&quot;classic&quot;}\">\n\t\t\t\t\t\t<div class=\"elementor-container elementor-column-gap-default\">\n\t\t\t\t\t<div class=\"elementor-column elementor-col-50 elementor-top-column elementor-element elementor-element-5b5a2bb animated-slow elementor-invisible\" data-id=\"5b5a2bb\" data-element_type=\"column\" data-settings=\"{&quot;background_background&quot;:&quot;classic&quot;,&quot;animation&quot;:&quot;slideInLeft&quot;}\">\n\t\t\t<div class=\"elementor-widget-wrap elementor-element-populated\">\n\t\t\t\t\t\t<div class=\"elementor-element elementor-element-77376b1 animated-slow elementor-invisible elementor-widget elementor-widget-image\" data-id=\"77376b1\" data-element_type=\"widget\" data-settings=\"{&quot;_animation&quot;:&quot;bounceInLeft&quot;}\" data-widget_type=\"image.default\">\n\t\t\t\t<div class=\"elementor-widget-container\">\n\t\t\t\t\t\t\t\t\t\t\t\t\t\t\t<img loading=\"lazy\" decoding=\"async\" width=\"600\" height=\"783\" src=\"https:\/\/cervejariarusticana.com.br\/wp-content\/uploads\/2024\/04\/carneirinho_-1.png\" class=\"attachment-full size-full wp-image-1156\" alt=\"carneirinho-trigo-cerveja-rusticana\" \/>\t\t\t\t\t\t\t\t\t\t\t\t\t\t\t<\/div>\n\t\t\t\t<\/div>\n\t\t\t\t\t<\/div>\n\t\t<\/div>\n\t\t\t\t<div class=\"elementor-column elementor-col-50 elementor-top-column elementor-element elementor-element-699d8e9 animated-slow elementor-invisible\" data-id=\"699d8e9\" data-element_type=\"column\" data-settings=\"{&quot;background_background&quot;:&quot;classic&quot;,&quot;animation&quot;:&quot;slideInLeft&quot;}\">\n\t\t\t<div class=\"elementor-widget-wrap elementor-element-populated\">\n\t\t\t\t\t\t<div class=\"elementor-element elementor-element-5b848d9 elementor-widget elementor-widget-heading\" data-id=\"5b848d9\" data-element_type=\"widget\" data-widget_type=\"heading.default\">\n\t\t\t\t<div class=\"elementor-widget-container\">\n\t\t\t\t\t<h2 class=\"elementor-heading-title elementor-size-default\">\u2981\tCERVEJA CARNEIRINHO (Trigo)<\/h2>\t\t\t\t<\/div>\n\t\t\t\t<\/div>\n\t\t\t\t<div class=\"elementor-element elementor-element-fe25f19 elementor-widget elementor-widget-text-editor\" data-id=\"fe25f19\" data-element_type=\"widget\" data-widget_type=\"text-editor.default\">\n\t\t\t\t<div class=\"elementor-widget-container\">\n\t\t\t\t\t\t\t\t\t<p>Inspirada na suavidade dos campos verdejantes de Nazar\u00e9 Paulista, a Carneirinho \u00e9 uma cerveja de trigo que captura a ess\u00eancia da natureza em cada gole. Com sua colora\u00e7\u00e3o clara e corpo leve, ela oferece uma experi\u00eancia refrescante e revigorante para os apreciadores de cervejas artesanais. Seus aromas c\u00edtricos e frutados, provenientes da combina\u00e7\u00e3o \u00fanica de maltes de trigo e l\u00fapulos selecionados, despertam os sentidos e convidam a uma jornada sensorial incompar\u00e1vel. Perfeita para os dias de sol e momentos de descontra\u00e7\u00e3o, a Carneirinho \u00e9 a escolha ideal para quem busca harmonia e equil\u00edbrio em cada sorriso compartilhado. Ent\u00e3o, erga seu copo, celebre a vida e deixe-se levar pelos encantos desta cerveja que \u00e9 como uma brisa suave em meio aos pastos verdejantes.<\/p>\t\t\t\t\t\t\t\t<\/div>\n\t\t\t\t<\/div>\n\t\t\t\t\t<\/div>\n\t\t<\/div>\n\t\t\t\t\t<\/div>\n\t\t<\/section>\n\t\t\t\t<\/div>\n\t\t","protected":false},"excerpt":{"rendered":"<p>Experimente Nossos Produtos Premiados \u2981 CERVEJA ALAZ\u00c3O (Vienna Lager) Celebre os momentos da vida com nossa cerveja leve, de colora\u00e7\u00e3o dourada reluzente. Seu sabor suave de malte, combinado com uma lupulagem harmoniosa, proporciona uma refresc\u00e2ncia irresist\u00edvel a cada gole. A espuma branca e cremosa coroa a bebida, conferindo-lhe um acabamento elegante. Com uma gradua\u00e7\u00e3o alco\u00f3lica [&hellip;]<\/p>\n","protected":false},"author":1,"featured_media":0,"parent":0,"menu_order":0,"comment_status":"closed","ping_status":"closed","template":"elementor_canvas","meta":{"footnotes":""},"class_list":["post-951","page","type-page","status-publish","hentry"],"_links":{"self":[{"href":"https:\/\/cervejariarusticana.com.br\/index.php?rest_route=\/wp\/v2\/pages\/951","targetHints":{"allow":["GET"]}}],"collection":[{"href":"https:\/\/cervejariarusticana.com.br\/index.php?rest_route=\/wp\/v2\/pages"}],"about":[{"href":"https:\/\/cervejariarusticana.com.br\/index.php?rest_route=\/wp\/v2\/types\/page"}],"author":[{"embeddable":true,"href":"https:\/\/cervejariarusticana.com.br\/index.php?rest_route=\/wp\/v2\/users\/1"}],"replies":[{"embeddable":true,"href":"https:\/\/cervejariarusticana.com.br\/index.php?rest_route=%2Fwp%2Fv2%2Fcomments&post=951"}],"version-history":[{"count":193,"href":"https:\/\/cervejariarusticana.com.br\/index.php?rest_route=\/wp\/v2\/pages\/951\/revisions"}],"predecessor-version":[{"id":1621,"href":"https:\/\/cervejariarusticana.com.br\/index.php?rest_route=\/wp\/v2\/pages\/951\/revisions\/1621"}],"wp:attachment":[{"href":"https:\/\/cervejariarusticana.com.br\/index.php?rest_route=%2Fwp%2Fv2%2Fmedia&parent=951"}],"curies":[{"name":"wp","href":"https:\/\/api.w.org\/{rel}","templated":true}]}}